{"id":549,"date":"2021-02-28T17:05:41","date_gmt":"2021-02-28T16:05:41","guid":{"rendered":"http:\/\/www.beauty-oase-hgw.com\/?page_id=549"},"modified":"2024-01-23T10:24:57","modified_gmt":"2024-01-23T09:24:57","slug":"oeffnungszeiten","status":"publish","type":"page","link":"https:\/\/www.beauty-oase-hgw.com\/?page_id=549","title":{"rendered":"\u00d6ffnungszeiten"},"content":{"rendered":"<div class=\"wp-block-image\">\n<figure class=\"aligncenter size-large is-resized\"><img loading=\"lazy\" decoding=\"async\" src=\"https:\/\/www.beauty-oase-hgw.com\/wp-content\/uploads\/2021\/03\/photo5357478738754908455-819x1024.jpg\" alt=\"\" class=\"wp-image-720\" width=\"410\" height=\"512\" srcset=\"https:\/\/www.beauty-oase-hgw.com\/wp-content\/uploads\/2021\/03\/photo5357478738754908455-819x1024.jpg 819w, https:\/\/www.beauty-oase-hgw.com\/wp-content\/uploads\/2021\/03\/photo5357478738754908455-240x300.jpg 240w, https:\/\/www.beauty-oase-hgw.com\/wp-content\/uploads\/2021\/03\/photo5357478738754908455-768x960.jpg 768w, https:\/\/www.beauty-oase-hgw.com\/wp-content\/uploads\/2021\/03\/photo5357478738754908455.jpg 1024w\" sizes=\"auto, (max-width: 410px) 85vw, 410px\" \/><\/figure>\n<\/div>\n\n\n<p class=\"has-large-font-size\"><strong>Wohlf\u00fchltermine<\/strong> <strong> nur nach Vereinbarung <\/strong><\/p>\n\n\n\n<p class=\"has-medium-font-size\"><strong>Neukunden &#8211;<\/strong> <strong>Terminevereinbarung f\u00fcr Ihre pers\u00f6nliche Wohlf\u00fchlzeit bitte nur telefonisch,  WhatsApp oder per Email. <\/strong><\/p>\n\n\n\n<p class=\"has-medium-font-size\"><strong>Gern k\u00f6nnen Sie mir unter 015147835305 auch eine Whatsapp Nachricht schicken und ich melde mich schnellstm\u00f6glich zur\u00fcck<\/strong>. Das Handy ist eine Diensthandy so das ich von Montag bis Freitag zu den Kernzeiten 8 bis 19 Uhr zu erreichen bin.  <\/p>\n\n\n\n<p><strong>WICHTIG<\/strong> (bitte denken Sie daran<strong> Ihre Telefonnummer und Ihren Namen <\/strong>auf dem Anrufbeantworter zu hinterlassen( da ich wenn ich in einer Behandlung bin, nicht ans Telefon gehe, oder Sie anrufen wenn ich nicht im Studio bin)  ich Sie sonst <strong>leider<\/strong> nicht zur\u00fcckrufen kann. <\/p>\n\n\n\n<p>oder per <a href=\"mailto:termin@beauty-oase-hgw.com?subject=Terminanfrage%20f\u00fcr%20eine%20Wohlf\u00fchlzeit\">E-Mai<\/a><\/p>\n\n\n\n<p class=\"has-medium-gray-color has-text-color has-background has-large-font-size\" style=\"background-color:#d8bdd3\">I<strong>ch betreibe eine &#8222;Dienstleistung im Sinne Ihrer Hautgesundheit&#8220;<\/strong> und freue <strong>mich aus diesem Grund &#8222;Sie&#8220; gesund in meinem Kosmetikstudio zu Ihrem<\/strong> <strong>Wohlf\u00fchltermin begr\u00fc\u00dfen zu d\u00fcrfen.<\/strong><\/p>\n\n\n\n<h1 class=\"has-text-color wp-block-heading\" style=\"color:#a461ff\">Wichtige Kundeninformation f\u00fcr eine nettes und faires miteinander.<\/h1>\n\n\n\n<h5 class=\"wp-block-heading\"><\/h5>\n\n\n\n<p class=\"has-white-color has-text-color has-background has-medium-font-size\" style=\"background-color:#8c13d8\"><strong><em>Leiden Sie unter Grippe\u00e4hnlichen Symptomen oder Sie sind Kontaktperson, (d.h. in Ihrem pers\u00f6nlichen Umfeld privat oder dienstlich ist ein aktueller Corona-Fall oder eine andere Virus Erkrankung)  bitte ich Sie Ihren Termin abzusagen um<\/em><\/strong><strong><em> auch Kunden mit einem schwachen Imunsystem die M\u00f6glichkeit zu geben &#8222;gesund zu bleiben&#8220;. Ich danke f\u00fcr Ihr Verst\u00e4ndnis.<\/em><\/strong><\/p>\n\n\n\n<p class=\"has-medium-font-size\"><strong>Nach Betreten des Studios bitte die Handdesinfektion benutzen.<\/strong> Danke<\/p>\n\n\n\n<p class=\"has-text-color\" style=\"color:#45a300\"><\/p>\n\n\n\n<h1 class=\"wp-block-heading\">Hinweise zum Terminausfall:<\/h1>\n\n\n\n<p class=\"has-white-color has-text-color has-background\" style=\"background-color:#7e13cf\"><strong>Sollten Sie Ihren Termin f\u00fcr Ihre pers\u00f6nliche Wohlf\u00fchlzeit aus privaten oder gesundheitlichen Gr\u00fcnden nicht wahrnehmen k\u00f6nnen bitte ich Sie um eine schnellstm\u00f6gliche Stornierung, um meine Ausfallzeit zu minimieren und mir die weitergabe des frei gewordenen Termins zu erm\u00f6glichen . Daf\u00fcr m\u00f6chte ich schon jetzt Danke sagen.<\/strong><\/p>\n\n\n\n<p><\/p>\n\n\n\n<p class=\"has-yellow-color has-blue-gray-background-color has-text-color has-background has-medium-font-size\"><em><strong>F\u00fcr vereibarte <\/strong><\/em><strong><em>Termine die Sie nicht wahrgenommen k\u00f6nnen, bitte ich  um eine schnellstm\u00f6glich Absage mindestens 24 Std vorher .<\/em><\/strong><\/p>\n\n\n\n<p class=\"has-yellow-color has-blue-gray-background-color has-text-color has-background has-medium-font-size\"><strong>Erscheinen Sie nicht zum vereinbarten Termin und sagen diesen auch nicht  24 Stunden vorher ab, sind wir berechtigt, dem Kunden\/ der Kundin den nicht rechtzeitig abgesagten Termin gem\u00e4\u00df \u00a7 615 BGB in Rechnung zu stellen.<em> <\/em><\/strong><\/p>\n\n\n\n<p><\/p>\n\n\n\n<p><\/p>\n\n\n\n<p><strong>Ein Anspruch auf Ersatzleistung seitens des Kunden besteht nicht.<\/strong><\/p>\n\n\n","protected":false},"excerpt":{"rendered":"<p>Wohlf\u00fchltermine nur nach Vereinbarung Neukunden &#8211; Terminevereinbarung f\u00fcr Ihre pers\u00f6nliche Wohlf\u00fchlzeit bitte nur telefonisch, WhatsApp oder per Email. Gern k\u00f6nnen Sie mir unter 015147835305 auch eine Whatsapp Nachricht schicken und ich melde mich schnellstm\u00f6glich zur\u00fcck. Das Handy ist eine Diensthandy so das ich von Montag bis Freitag zu den Kernzeiten 8 bis 19 Uhr zu &hellip; <a href=\"https:\/\/www.beauty-oase-hgw.com\/?page_id=549\" class=\"more-link\"><span class=\"screen-reader-text\">&#8222;\u00d6ffnungszeiten&#8220; <\/span>weiterlesen<\/a><\/p>\n","protected":false},"author":1,"featured_media":0,"parent":0,"menu_order":0,"comment_status":"closed","ping_status":"closed","template":"","meta":{"_themeisle_gutenberg_block_has_review":false,"footnotes":""},"class_list":["post-549","page","type-page","status-publish","hentry"],"_links":{"self":[{"href":"https:\/\/www.beauty-oase-hgw.com\/index.php?rest_route=\/wp\/v2\/pages\/549","targetHints":{"allow":["GET"]}}],"collection":[{"href":"https:\/\/www.beauty-oase-hgw.com\/index.php?rest_route=\/wp\/v2\/pages"}],"about":[{"href":"https:\/\/www.beauty-oase-hgw.com\/index.php?rest_route=\/wp\/v2\/types\/page"}],"author":[{"embeddable":true,"href":"https:\/\/www.beauty-oase-hgw.com\/index.php?rest_route=\/wp\/v2\/users\/1"}],"replies":[{"embeddable":true,"href":"https:\/\/www.beauty-oase-hgw.com\/index.php?rest_route=%2Fwp%2Fv2%2Fcomments&post=549"}],"version-history":[{"count":22,"href":"https:\/\/www.beauty-oase-hgw.com\/index.php?rest_route=\/wp\/v2\/pages\/549\/revisions"}],"predecessor-version":[{"id":1044,"href":"https:\/\/www.beauty-oase-hgw.com\/index.php?rest_route=\/wp\/v2\/pages\/549\/revisions\/1044"}],"wp:attachment":[{"href":"https:\/\/www.beauty-oase-hgw.com\/index.php?rest_route=%2Fwp%2Fv2%2Fmedia&parent=549"}],"curies":[{"name":"wp","href":"https:\/\/api.w.org\/{rel}","templated":true}]}}