{"id":214,"date":"2020-11-08T11:43:18","date_gmt":"2020-11-08T10:43:18","guid":{"rendered":"http:\/\/wop.beauty-oase-hgw.com\/?page_id=214"},"modified":"2026-03-26T07:46:59","modified_gmt":"2026-03-26T06:46:59","slug":"preisliste-wellnessbehandlung","status":"publish","type":"page","link":"https:\/\/www.beauty-oase-hgw.com\/?page_id=214","title":{"rendered":"Preisliste Wellnessbehandlung"},"content":{"rendered":"\n<h3 class=\"wp-block-heading\">Hot Chocolate<\/h3>\n\n\n<p>Eine exotische Verlockung verf\u00fchrt Haut und Sinne.<\/p>\n<table style=\"height: 184px;\" width=\"619\">\n<tbody>\n<tr>\n<td width=\"302\">\n<p><strong>\u201eFACE\u201c<br \/><\/strong>&#8211; Wellnessmassage f\u00fcr Gesicht, Hals und Dekollet\u00e9<\/p>\n<p><strong>\u00a0<\/strong><strong>Dauer: 45 Minuten<\/strong><\/p>\n<\/td>\n<td width=\"85\">\n<p><strong>\u00a0<\/strong><\/p>\n<p><strong>\u00a0<br \/><\/strong><strong>65,00 EUR<\/strong><\/p>\n<\/td>\n<\/tr>\n<\/tbody>\n<\/table>\n\n\n<h3 class=\"wp-block-heading\"><\/h3>\n\n\n\n<h3 class=\"wp-block-heading\">Wellnessarrangement ganz nach Wunsch<\/h3>\n\n\n<table style=\"height: 834px;\" width=\"630\">\n<tbody>\n<tr>\n<td width=\"302\">\n<p><strong>Kleine Beautybehandlung<br \/><\/strong>&#8211; Reinigungsbehandlung<br \/>&#8211; 15 Minuten R\u00fcckenmassage<\/p>\n<p><strong>Dauer: 70 Minuten<\/strong><\/p>\n<\/td>\n<td width=\"85\">\n<p><strong>\u00a0<\/strong><\/p>\n<p><strong>65,00 EUR<\/strong><\/p>\n<\/td>\n<\/tr>\n<tr>\n<td width=\"302\">\n<p><strong>Beauty Behandlung \u2013 de luxe klein<br \/><\/strong>&#8211; R\u00fccken- &amp; Nackenmassage 30 Minuten<br \/>&#8211; Beautybehandlung klein<br \/>&#8211; Tages Make-up<\/p>\n<p><strong>Dauer: 100 Minuten<\/strong><\/p>\n<\/td>\n<td width=\"85\">\n<p><strong>\u00a0<\/strong><\/p>\n<p><strong><br \/>97,50 EUR<\/strong><\/p>\n<\/td>\n<\/tr>\n<tr>\n<td width=\"302\">\n<p><strong>Beauty Behandlung \u2013 de luxe gro\u00df\u00a0\u00a0\u00a0 \u00a0 \u00a0\u00a0 \u00a0\u00a0\u00a0\u00a0\u00a0\u00a0\u00a0\u00a0\u00a0\u00a0\u00a0\u00a0\u00a0\u00a0\u00a0\u00a0\u00a0\u00a0\u00a0\u00a0\u00a0\u00a0\u00a0\u00a0\u00a0\u00a0\u00a0\u00a0\u00a0\u00a0\u00a0\u00a0\u00a0\u00a0\u00a0\u00a0\u00a0\u00a0 <\/strong>\u00a0 &#8211; ein Glas Sekt<br \/>&#8211; Ganzk\u00f6rperaroma\u00f6lmassage<br \/>* Beautybehandlung klein<\/p>\n<p>* Beautybehandlung gro\u00df<\/p>\n<p>Tages- Make up<\/p>\n<p><strong>Dauer: 140 Minuten<\/strong><\/p>\n<\/td>\n<td width=\"85\">\n<p><strong>\u00a0<\/strong><\/p>\n<p><strong><br \/>160,00 EUR<\/strong><\/p>\n<p><strong>180,00 EUR<\/strong><\/p>\n<\/td>\n<\/tr>\n<\/tbody>\n<\/table>\n\n\n<h3 class=\"wp-block-heading\">Hot Stones<\/h3>\n\n\n\n<p>&#8222;Die Kraft der hei\u00dfen Steine&#8220;<\/p>\n\n\n\n<p>Sp\u00fcren Sie die Kraft und Energie der Steine.<br>F\u00fchlen Sie was die alten Indianer schon lange vor uns zu sch\u00e4tzen wussten.<br>Tanken Sie Energie und entspannen Sie bei einer Massage mit hei\u00dfen Steinen.<br>Ihr K\u00f6rper wird es Ihnen danken und Ihre Sinne werden es sp\u00fcren.<\/p>\n\n\n\n<div class=\"wp-block-columns is-layout-flex wp-container-core-columns-is-layout-9d6595d7 wp-block-columns-is-layout-flex\">\n<div class=\"wp-block-column is-layout-flow wp-block-column-is-layout-flow\" style=\"flex-basis:100%\">\n<figure class=\"wp-block-table\"><table><tbody><tr><td><p><strong>R\u00fcckenmassage<\/strong><\/p><strong>Dauer: 30 Minuten + 10 Minuten Nachruhe<\/strong><br><\/td><td><p><strong>&nbsp;<\/strong><\/p><strong>65<\/strong><strong>,00 Euro<\/strong><br><br><\/td><\/tr><\/tbody><\/table><\/figure>\n<\/div>\n<\/div>\n\n\n\n<p><\/p>\n","protected":false},"excerpt":{"rendered":"<p>Hot Chocolate Eine exotische Verlockung verf\u00fchrt Haut und Sinne. \u201eFACE\u201c&#8211; Wellnessmassage f\u00fcr Gesicht, Hals und Dekollet\u00e9 \u00a0Dauer: 45 Minuten \u00a0 \u00a065,00 EUR Wellnessarrangement ganz nach Wunsch Kleine Beautybehandlung&#8211; Reinigungsbehandlung&#8211; 15 Minuten R\u00fcckenmassage Dauer: 70 Minuten \u00a0 65,00 EUR Beauty Behandlung \u2013 de luxe klein&#8211; R\u00fccken- &amp; Nackenmassage 30 Minuten&#8211; Beautybehandlung klein&#8211; Tages Make-up Dauer: 100 &hellip; <a href=\"https:\/\/www.beauty-oase-hgw.com\/?page_id=214\" class=\"more-link\"><span class=\"screen-reader-text\">&#8222;Preisliste Wellnessbehandlung&#8220; <\/span>weiterlesen<\/a><\/p>\n","protected":false},"author":1,"featured_media":0,"parent":20,"menu_order":0,"comment_status":"closed","ping_status":"closed","template":"","meta":{"_themeisle_gutenberg_block_has_review":false,"footnotes":""},"class_list":["post-214","page","type-page","status-publish","hentry"],"_links":{"self":[{"href":"https:\/\/www.beauty-oase-hgw.com\/index.php?rest_route=\/wp\/v2\/pages\/214","targetHints":{"allow":["GET"]}}],"collection":[{"href":"https:\/\/www.beauty-oase-hgw.com\/index.php?rest_route=\/wp\/v2\/pages"}],"about":[{"href":"https:\/\/www.beauty-oase-hgw.com\/index.php?rest_route=\/wp\/v2\/types\/page"}],"author":[{"embeddable":true,"href":"https:\/\/www.beauty-oase-hgw.com\/index.php?rest_route=\/wp\/v2\/users\/1"}],"replies":[{"embeddable":true,"href":"https:\/\/www.beauty-oase-hgw.com\/index.php?rest_route=%2Fwp%2Fv2%2Fcomments&post=214"}],"version-history":[{"count":21,"href":"https:\/\/www.beauty-oase-hgw.com\/index.php?rest_route=\/wp\/v2\/pages\/214\/revisions"}],"predecessor-version":[{"id":1069,"href":"https:\/\/www.beauty-oase-hgw.com\/index.php?rest_route=\/wp\/v2\/pages\/214\/revisions\/1069"}],"up":[{"embeddable":true,"href":"https:\/\/www.beauty-oase-hgw.com\/index.php?rest_route=\/wp\/v2\/pages\/20"}],"wp:attachment":[{"href":"https:\/\/www.beauty-oase-hgw.com\/index.php?rest_route=%2Fwp%2Fv2%2Fmedia&parent=214"}],"curies":[{"name":"wp","href":"https:\/\/api.w.org\/{rel}","templated":true}]}}