{"id":20,"date":"2020-03-31T11:11:24","date_gmt":"2020-03-31T11:11:24","guid":{"rendered":"http:\/\/wop.beauty-oase-hgw.com\/?page_id=20"},"modified":"2021-03-07T18:12:42","modified_gmt":"2021-03-07T17:12:42","slug":"wellness","status":"publish","type":"page","link":"https:\/\/www.beauty-oase-hgw.com\/?page_id=20","title":{"rendered":"Wellness"},"content":{"rendered":"\n<h1 class=\"wp-block-heading\">bedeutet Gl\u00fcck und Ausgeglichenheit.<\/h1>\n\n\n\n<div class=\"wp-block-image is-style-default\"><figure class=\"aligncenter size-large\"><img loading=\"lazy\" decoding=\"async\" width=\"1024\" height=\"358\" src=\"https:\/\/www.beauty-oase-hgw.com\/wp-content\/uploads\/2021\/03\/WhatsApp-Image-2021-03-07-at-18.12.01-1024x358.jpeg\" alt=\"\" class=\"wp-image-703\" srcset=\"https:\/\/www.beauty-oase-hgw.com\/wp-content\/uploads\/2021\/03\/WhatsApp-Image-2021-03-07-at-18.12.01-1024x358.jpeg 1024w, https:\/\/www.beauty-oase-hgw.com\/wp-content\/uploads\/2021\/03\/WhatsApp-Image-2021-03-07-at-18.12.01-300x105.jpeg 300w, https:\/\/www.beauty-oase-hgw.com\/wp-content\/uploads\/2021\/03\/WhatsApp-Image-2021-03-07-at-18.12.01-768x268.jpeg 768w, https:\/\/www.beauty-oase-hgw.com\/wp-content\/uploads\/2021\/03\/WhatsApp-Image-2021-03-07-at-18.12.01-1536x537.jpeg 1536w, https:\/\/www.beauty-oase-hgw.com\/wp-content\/uploads\/2021\/03\/WhatsApp-Image-2021-03-07-at-18.12.01-1200x419.jpeg 1200w, https:\/\/www.beauty-oase-hgw.com\/wp-content\/uploads\/2021\/03\/WhatsApp-Image-2021-03-07-at-18.12.01.jpeg 1600w\" sizes=\"auto, (max-width: 709px) 85vw, (max-width: 909px) 67vw, (max-width: 1362px) 62vw, 840px\" \/><\/figure><\/div>\n\n\n\n<p>Wer sich \u00f6ffnet, sein Leben plant und konsequent auch &#8222;Auszeiten&#8220; einplant,<br>wird den Wohlf\u00fchlgenuss voll und ganz aussch\u00f6pfen,<br>denn Gl\u00fcck, Entspannung und Zufriedenheit k\u00f6nnen NICHT aus dem Internet<br>heruntergeladen werden.<\/p>\n\n\n\n<p>G\u00f6nnen Sie sich eine Wohlf\u00fchlbehandlung in meinem Studio und freuen Sie sich auf eine gute Zeit f\u00fcr Ihre Seele und eine streichzarte Haut.<\/p>\n\n\n\n<p>Meine Preisliste f\u00fcr Wellnessbehandlungen finden Sie&nbsp;<a href=\"?page_id=214\">hier<\/a>.<\/p>\n","protected":false},"excerpt":{"rendered":"<p>bedeutet Gl\u00fcck und Ausgeglichenheit. Wer sich \u00f6ffnet, sein Leben plant und konsequent auch &#8222;Auszeiten&#8220; einplant,wird den Wohlf\u00fchlgenuss voll und ganz aussch\u00f6pfen,denn Gl\u00fcck, Entspannung und Zufriedenheit k\u00f6nnen NICHT aus dem Internetheruntergeladen werden. G\u00f6nnen Sie sich eine Wohlf\u00fchlbehandlung in meinem Studio und freuen Sie sich auf eine gute Zeit f\u00fcr Ihre Seele und eine streichzarte Haut. Meine &hellip; <a href=\"https:\/\/www.beauty-oase-hgw.com\/?page_id=20\" class=\"more-link\"><span class=\"screen-reader-text\">&#8222;Wellness&#8220; <\/span>weiterlesen<\/a><\/p>\n","protected":false},"author":1,"featured_media":0,"parent":0,"menu_order":0,"comment_status":"closed","ping_status":"closed","template":"","meta":{"_themeisle_gutenberg_block_has_review":false,"footnotes":""},"class_list":["post-20","page","type-page","status-publish","hentry"],"_links":{"self":[{"href":"https:\/\/www.beauty-oase-hgw.com\/index.php?rest_route=\/wp\/v2\/pages\/20","targetHints":{"allow":["GET"]}}],"collection":[{"href":"https:\/\/www.beauty-oase-hgw.com\/index.php?rest_route=\/wp\/v2\/pages"}],"about":[{"href":"https:\/\/www.beauty-oase-hgw.com\/index.php?rest_route=\/wp\/v2\/types\/page"}],"author":[{"embeddable":true,"href":"https:\/\/www.beauty-oase-hgw.com\/index.php?rest_route=\/wp\/v2\/users\/1"}],"replies":[{"embeddable":true,"href":"https:\/\/www.beauty-oase-hgw.com\/index.php?rest_route=%2Fwp%2Fv2%2Fcomments&post=20"}],"version-history":[{"count":7,"href":"https:\/\/www.beauty-oase-hgw.com\/index.php?rest_route=\/wp\/v2\/pages\/20\/revisions"}],"predecessor-version":[{"id":704,"href":"https:\/\/www.beauty-oase-hgw.com\/index.php?rest_route=\/wp\/v2\/pages\/20\/revisions\/704"}],"wp:attachment":[{"href":"https:\/\/www.beauty-oase-hgw.com\/index.php?rest_route=%2Fwp%2Fv2%2Fmedia&parent=20"}],"curies":[{"name":"wp","href":"https:\/\/api.w.org\/{rel}","templated":true}]}}