{"id":15,"date":"2020-03-31T11:07:59","date_gmt":"2020-03-31T11:07:59","guid":{"rendered":"http:\/\/wop.beauty-oase-hgw.com\/?page_id=15"},"modified":"2022-03-27T15:30:50","modified_gmt":"2022-03-27T13:30:50","slug":"massage","status":"publish","type":"page","link":"https:\/\/www.beauty-oase-hgw.com\/?page_id=15","title":{"rendered":"Massage"},"content":{"rendered":"\n<div class=\"wp-block-image is-style-default\"><figure class=\"aligncenter size-large\"><img loading=\"lazy\" decoding=\"async\" width=\"768\" height=\"1024\" src=\"https:\/\/www.beauty-oase-hgw.com\/wp-content\/uploads\/2022\/03\/IMG-20220327-WA0036-1-768x1024.jpg\" alt=\"\" class=\"wp-image-851\" srcset=\"https:\/\/www.beauty-oase-hgw.com\/wp-content\/uploads\/2022\/03\/IMG-20220327-WA0036-1-768x1024.jpg 768w, https:\/\/www.beauty-oase-hgw.com\/wp-content\/uploads\/2022\/03\/IMG-20220327-WA0036-1-225x300.jpg 225w, https:\/\/www.beauty-oase-hgw.com\/wp-content\/uploads\/2022\/03\/IMG-20220327-WA0036-1-1152x1536.jpg 1152w, https:\/\/www.beauty-oase-hgw.com\/wp-content\/uploads\/2022\/03\/IMG-20220327-WA0036-1-1200x1600.jpg 1200w, https:\/\/www.beauty-oase-hgw.com\/wp-content\/uploads\/2022\/03\/IMG-20220327-WA0036-1.jpg 1368w\" sizes=\"auto, (max-width: 768px) 85vw, 768px\" \/><\/figure><\/div>\n\n\n\n<p><strong>Tu deinem K\u00f6rper Gutes, damit deine Seele Lust hat, darin zu wohnen.<br>(Theresa von Avila)<\/strong><\/p>\n\n\n\n<p>Die Ber\u00fchrung mit den H\u00e4nden ist die \u00e4lteste Form des Heilens,<br>darum g\u00f6nnen Sie sich eine Auszeit mit einer Massage aus meinem<br>Angebot oder verschenken Sie einfach anstatt Blumen<br>Streicheleinheiten f\u00fcr die Seele.<\/p>\n\n\n\n<p>Ich freue mich auf Sie.<\/p>\n\n\n\n<p>Meine Preisliste f\u00fcr Massagebehandlungen finden Sie&nbsp;<a href=\"?page_id=141\">hier<\/a>.<\/p>\n","protected":false},"excerpt":{"rendered":"<p>Tu deinem K\u00f6rper Gutes, damit deine Seele Lust hat, darin zu wohnen.(Theresa von Avila) Die Ber\u00fchrung mit den H\u00e4nden ist die \u00e4lteste Form des Heilens,darum g\u00f6nnen Sie sich eine Auszeit mit einer Massage aus meinemAngebot oder verschenken Sie einfach anstatt BlumenStreicheleinheiten f\u00fcr die Seele. Ich freue mich auf Sie. Meine Preisliste f\u00fcr Massagebehandlungen finden Sie&nbsp;hier.<\/p>\n","protected":false},"author":1,"featured_media":0,"parent":0,"menu_order":0,"comment_status":"closed","ping_status":"closed","template":"","meta":{"_themeisle_gutenberg_block_has_review":false,"footnotes":""},"class_list":["post-15","page","type-page","status-publish","hentry"],"_links":{"self":[{"href":"https:\/\/www.beauty-oase-hgw.com\/index.php?rest_route=\/wp\/v2\/pages\/15","targetHints":{"allow":["GET"]}}],"collection":[{"href":"https:\/\/www.beauty-oase-hgw.com\/index.php?rest_route=\/wp\/v2\/pages"}],"about":[{"href":"https:\/\/www.beauty-oase-hgw.com\/index.php?rest_route=\/wp\/v2\/types\/page"}],"author":[{"embeddable":true,"href":"https:\/\/www.beauty-oase-hgw.com\/index.php?rest_route=\/wp\/v2\/users\/1"}],"replies":[{"embeddable":true,"href":"https:\/\/www.beauty-oase-hgw.com\/index.php?rest_route=%2Fwp%2Fv2%2Fcomments&post=15"}],"version-history":[{"count":11,"href":"https:\/\/www.beauty-oase-hgw.com\/index.php?rest_route=\/wp\/v2\/pages\/15\/revisions"}],"predecessor-version":[{"id":853,"href":"https:\/\/www.beauty-oase-hgw.com\/index.php?rest_route=\/wp\/v2\/pages\/15\/revisions\/853"}],"wp:attachment":[{"href":"https:\/\/www.beauty-oase-hgw.com\/index.php?rest_route=%2Fwp%2Fv2%2Fmedia&parent=15"}],"curies":[{"name":"wp","href":"https:\/\/api.w.org\/{rel}","templated":true}]}}