{"id":141,"date":"2020-10-20T16:41:59","date_gmt":"2020-10-20T14:41:59","guid":{"rendered":"http:\/\/wop.beauty-oase-hgw.com\/?page_id=141"},"modified":"2026-03-26T07:41:08","modified_gmt":"2026-03-26T06:41:08","slug":"preisliste-massagebehandlung","status":"publish","type":"page","link":"https:\/\/www.beauty-oase-hgw.com\/?page_id=141","title":{"rendered":"Preisliste Wohlf\u00fchlmassagen"},"content":{"rendered":"\n<h3 class=\"wp-block-heading\">Fu\u00dfmassage <\/h3>\n\n\n<table style=\"height: 122px;\" width=\"633\">\n<tbody>\n<tr>\n<td width=\"302\">\n<p><strong>Dauer: 20 Minuten<\/strong><\/p>\n<\/td>\n<td width=\"85\">\n<p><strong>25,00 EUR<\/strong><\/p>\n<\/td>\n<\/tr>\n<tr>\n<td width=\"302\">\n<p><strong>Dauer: 30 Minuten<\/strong><\/p>\n<\/td>\n<td width=\"85\">\n<p><strong>35,00 EUR<\/strong><\/p>\n<\/td>\n<\/tr>\n<\/tbody>\n<\/table>\n\n\n<p><\/p>\n\n\n\n<h3 class=\"wp-block-heading\">R\u00fcckenmassage<\/h3>\n\n\n<table>\n<tbody>\n<tr>\n<td width=\"302\">\n<p><strong>Dauer: 15 Minuten<\/strong><\/p>\n<\/td>\n<td width=\"85\">\n<p><strong>18,00 EUR<\/strong><\/p>\n<\/td>\n<\/tr>\n<tr>\n<td width=\"302\">\n<p><strong>Dauer: 30 Minuten<\/strong><\/p>\n<\/td>\n<td width=\"85\">\n<p><strong>35,00 EUR<\/strong><\/p>\n<\/td>\n<\/tr>\n<\/tbody>\n<\/table>\n\n\n<h3 class=\"wp-block-heading\">R\u00fccken-, Nacken-, Kopfmassage<\/h3>\n\n\n<table>\n<tbody>\n<tr>\n<td width=\"302\">\n<p><strong>Dauer: 30 Minuten<\/strong><\/p>\n<\/td>\n<td width=\"85\">\n<p><strong>35,00 EUR<\/strong><\/p>\n<\/td>\n<\/tr>\n<tr>\n<td width=\"302\">\n<p>&#8211; mit Zuckerpeeling<br \/>&#8211; mit Salt du mare K\u00f6rperpeeling<br \/>&#8211; mit hei\u00dfen T\u00fcchern<strong><br \/><\/strong><strong>Dauer: 45 Minuten<\/strong><\/p>\n<\/td>\n<td width=\"85\">\n<p><strong>\u00a0<\/strong><\/p>\n<p><strong>55,00 EUR<\/strong><\/p>\n<\/td>\n<\/tr>\n<\/tbody>\n<\/table>\n\n\n<h3 class=\"wp-block-heading\">Ganzk\u00f6rpermassage<\/h3>\n\n\n<table>\n<tbody>\n<tr>\n<td width=\"302\">\n<p><strong>Dauer: 60 Minuten<\/strong><\/p>\n<\/td>\n<td width=\"85\">\n<p><strong>68,00 EUR<\/strong><\/p>\n<\/td>\n<\/tr>\n<tr>\n<td width=\"302\">\n<p>&#8211; mit warmen Aroma\u00f6l<strong><br \/><\/strong><strong>Dauer: 60 Minuten<\/strong><\/p>\n<\/td>\n<td width=\"85\">\n<p><strong><br \/>75,00 EUR<\/strong><\/p>\n<\/td>\n<\/tr>\n<\/tbody>\n<\/table>\n\n\n<p><\/p>\n\n\n\n<h3 class=\"wp-block-heading has-text-align-center has-huge-font-size\"><mark style=\"background-color:rgba(0, 0, 0, 0);color:#b48ed8\" class=\"has-inline-color\"><em>S P A R A N G E B O T<\/em><\/mark><\/h3>\n\n\n\n<p class=\"has-text-align-center has-medium-font-size\"><strong>5 R\u00fcckenmassagen (Dauer 30 Minuten) buchen<\/strong><br><span style=\"color: #ff00ff;\"><strong>15%<\/strong><\/span> Rabatt<br><strong><span style=\"color: #ff00ff;\"><em>f\u00fcr nur 127,50 EUR<\/em><\/span><br><\/strong>anstatt 150,00 EUR<\/p>\n\n\n\n<p class=\"has-text-align-center has-medium-font-size\"><strong>6 R\u00fcckenmassagen (Dauer 30 Minuten) buchen<\/strong><br><span style=\"color: #ff00ff;\"><strong>20% <\/strong><\/span>Rabatt<br><strong><span style=\"color: #ff00ff;\"><em>f\u00fcr nur 144,00 EUR<\/em><\/span><br><\/strong>anstatt 180,00 EUR<\/p>\n\n\n\n<p class=\"has-text-align-center\"><\/p>\n\n\n\n<p class=\"has-text-align-center has-small-font-size\"><\/p>\n","protected":false},"excerpt":{"rendered":"<p>Fu\u00dfmassage Dauer: 20 Minuten 25,00 EUR Dauer: 30 Minuten 35,00 EUR R\u00fcckenmassage Dauer: 15 Minuten 18,00 EUR Dauer: 30 Minuten 35,00 EUR R\u00fccken-, Nacken-, Kopfmassage Dauer: 30 Minuten 35,00 EUR &#8211; mit Zuckerpeeling&#8211; mit Salt du mare K\u00f6rperpeeling&#8211; mit hei\u00dfen T\u00fcchernDauer: 45 Minuten \u00a0 55,00 EUR Ganzk\u00f6rpermassage Dauer: 60 Minuten 68,00 EUR &#8211; mit warmen &hellip; <a href=\"https:\/\/www.beauty-oase-hgw.com\/?page_id=141\" class=\"more-link\"><span class=\"screen-reader-text\">&#8222;Preisliste Wohlf\u00fchlmassagen&#8220; <\/span>weiterlesen<\/a><\/p>\n","protected":false},"author":1,"featured_media":0,"parent":15,"menu_order":0,"comment_status":"closed","ping_status":"closed","template":"","meta":{"_themeisle_gutenberg_block_has_review":false,"footnotes":""},"class_list":["post-141","page","type-page","status-publish","hentry"],"_links":{"self":[{"href":"https:\/\/www.beauty-oase-hgw.com\/index.php?rest_route=\/wp\/v2\/pages\/141","targetHints":{"allow":["GET"]}}],"collection":[{"href":"https:\/\/www.beauty-oase-hgw.com\/index.php?rest_route=\/wp\/v2\/pages"}],"about":[{"href":"https:\/\/www.beauty-oase-hgw.com\/index.php?rest_route=\/wp\/v2\/types\/page"}],"author":[{"embeddable":true,"href":"https:\/\/www.beauty-oase-hgw.com\/index.php?rest_route=\/wp\/v2\/users\/1"}],"replies":[{"embeddable":true,"href":"https:\/\/www.beauty-oase-hgw.com\/index.php?rest_route=%2Fwp%2Fv2%2Fcomments&post=141"}],"version-history":[{"count":35,"href":"https:\/\/www.beauty-oase-hgw.com\/index.php?rest_route=\/wp\/v2\/pages\/141\/revisions"}],"predecessor-version":[{"id":1065,"href":"https:\/\/www.beauty-oase-hgw.com\/index.php?rest_route=\/wp\/v2\/pages\/141\/revisions\/1065"}],"up":[{"embeddable":true,"href":"https:\/\/www.beauty-oase-hgw.com\/index.php?rest_route=\/wp\/v2\/pages\/15"}],"wp:attachment":[{"href":"https:\/\/www.beauty-oase-hgw.com\/index.php?rest_route=%2Fwp%2Fv2%2Fmedia&parent=141"}],"curies":[{"name":"wp","href":"https:\/\/api.w.org\/{rel}","templated":true}]}}