{"id":13,"date":"2020-03-31T11:07:38","date_gmt":"2020-03-31T11:07:38","guid":{"rendered":"http:\/\/wop.beauty-oase-hgw.com\/?page_id=13"},"modified":"2026-03-26T14:08:56","modified_gmt":"2026-03-26T13:08:56","slug":"kosmetik","status":"publish","type":"page","link":"https:\/\/www.beauty-oase-hgw.com\/?page_id=13","title":{"rendered":"Kosmetik"},"content":{"rendered":"\n<h1 class=\"wp-block-heading\"><strong>Sch\u00f6nheit liebt Nat\u00fcrlichkeit.<\/strong><\/h1>\n\n\n\n<div class=\"wp-block-columns is-layout-flex wp-container-core-columns-is-layout-9d6595d7 wp-block-columns-is-layout-flex\">\n<div class=\"wp-block-column is-layout-flow wp-block-column-is-layout-flow\" style=\"flex-basis:100%\">\n<div class=\"wp-block-columns is-layout-flex wp-container-core-columns-is-layout-9d6595d7 wp-block-columns-is-layout-flex\">\n<div class=\"wp-block-column is-layout-flow wp-block-column-is-layout-flow\" style=\"flex-basis:100%\">\n<figure class=\"wp-block-image size-large\"><img loading=\"lazy\" decoding=\"async\" width=\"1024\" height=\"576\" src=\"https:\/\/www.beauty-oase-hgw.com\/wp-content\/uploads\/2026\/03\/WhatsApp-Image-2026-03-17-at-13.18.00-1-e1774507907880-1024x576.jpeg\" alt=\"\" class=\"wp-image-1071\" srcset=\"https:\/\/www.beauty-oase-hgw.com\/wp-content\/uploads\/2026\/03\/WhatsApp-Image-2026-03-17-at-13.18.00-1-e1774507907880-1024x576.jpeg 1024w, https:\/\/www.beauty-oase-hgw.com\/wp-content\/uploads\/2026\/03\/WhatsApp-Image-2026-03-17-at-13.18.00-1-e1774507907880-300x169.jpeg 300w, https:\/\/www.beauty-oase-hgw.com\/wp-content\/uploads\/2026\/03\/WhatsApp-Image-2026-03-17-at-13.18.00-1-e1774507907880-768x432.jpeg 768w, https:\/\/www.beauty-oase-hgw.com\/wp-content\/uploads\/2026\/03\/WhatsApp-Image-2026-03-17-at-13.18.00-1-e1774507907880-1536x864.jpeg 1536w, https:\/\/www.beauty-oase-hgw.com\/wp-content\/uploads\/2026\/03\/WhatsApp-Image-2026-03-17-at-13.18.00-1-e1774507907880-1200x675.jpeg 1200w, https:\/\/www.beauty-oase-hgw.com\/wp-content\/uploads\/2026\/03\/WhatsApp-Image-2026-03-17-at-13.18.00-1-e1774507907880.jpeg 1984w\" sizes=\"auto, (max-width: 709px) 85vw, (max-width: 909px) 67vw, (max-width: 1362px) 62vw, 840px\" \/><\/figure>\n<\/div>\n<\/div>\n\n\n\n<p><\/p>\n<\/div>\n<\/div>\n\n\n\n<p>Eine gute Kosmetikerin, wo Sie sich wohl f\u00fchlen und einfach mal Sie selbst sein k\u00f6nnen ist Gold wert!<\/p>\n\n\n\n<p>Sie haben so eine Kosmetikerin,<br>dann seien Sie zufrieden und halten Sie sie fest.<br>Wenn nicht, w\u00fcrde ich mich sehr freuen, Sie in meinem Massage-&amp; und Kosmetikstudio begr\u00fc\u00dfen zu d\u00fcrfen.<\/p>\n\n\n\n<p>In meinem modernen Kosmetikstudio welches ich nun schon seit&nbsp;18. Jahren erfolgreich betreibe, biete ich Ihnen in angenehmer Atmosph\u00e4re die M\u00f6glichkeit sich professionell Beraten und Ihre Haut nach einer ausgiebigen Hautanalyse behandeln zu lassen.<\/p>\n\n\n\n<p>F\u00fcr Ihre Heimpflege biete ich Ihnen auf Ihre Haut abgestimmte Pflegeprodukte an, welche wir jederzeit Ihren Hautbed\u00fcrfnissen anpassen k\u00f6nnen, so dass Sie ein rundum Wohlf\u00fchlerlebnis bis zu unserem n\u00e4chsten Termin versp\u00fcren.<br><br>Mit meinen Pflegeprodukten der Fa. Charlotte Meentzen,&nbsp;biete ich Ihnen eine Naturkosmetik, welche ihre Haut auf nat\u00fcrliche Weise erstrahlen l\u00e4sst. Traditionelles Wissen, Erfahrung und Innovationsfreude sind die Eckpfeiler f\u00fcr eine hervorragende Naturkosmetik.<\/p>\n\n\n\n<p>Die Pflegeprodukte basieren auf pflanzlichen Rezepturen und einem sehr hohen Qualit\u00e4tsstandart, der f\u00fcr Sie f\u00fchlbar und sichtbar ist. Mit der vitalisierenden Kraft ausgesuchten Pflanzenextrakten, mit wertvollen \u00d6len und Wirkstoffkomplexen, bieten wir Ihrer Haut auf nat\u00fcrliche Weise h\u00f6chste Vertr\u00e4glichkeit und mehr Wohlbefinden.<\/p>\n\n\n\n<p>Alle Produkte werden ausschlie\u00dflich in Deutschland hergestellt und medizinisch und dermatologisch in unabh\u00e4ngigen Instituten gepr\u00fcft.<\/p>\n\n\n\n<p>Meine Preisliste f\u00fcr Kosmetikbehandlungen finden Sie <a href=\"\/?page_id=95\">hier<\/a>.<\/p>\n","protected":false},"excerpt":{"rendered":"<p>Sch\u00f6nheit liebt Nat\u00fcrlichkeit. Eine gute Kosmetikerin, wo Sie sich wohl f\u00fchlen und einfach mal Sie selbst sein k\u00f6nnen ist Gold wert! Sie haben so eine Kosmetikerin,dann seien Sie zufrieden und halten Sie sie fest.Wenn nicht, w\u00fcrde ich mich sehr freuen, Sie in meinem Massage-&amp; und Kosmetikstudio begr\u00fc\u00dfen zu d\u00fcrfen. In meinem modernen Kosmetikstudio welches ich &hellip; <a href=\"https:\/\/www.beauty-oase-hgw.com\/?page_id=13\" class=\"more-link\"><span class=\"screen-reader-text\">&#8222;Kosmetik&#8220; <\/span>weiterlesen<\/a><\/p>\n","protected":false},"author":1,"featured_media":0,"parent":0,"menu_order":0,"comment_status":"closed","ping_status":"closed","template":"","meta":{"_themeisle_gutenberg_block_has_review":false,"footnotes":""},"class_list":["post-13","page","type-page","status-publish","hentry"],"_links":{"self":[{"href":"https:\/\/www.beauty-oase-hgw.com\/index.php?rest_route=\/wp\/v2\/pages\/13","targetHints":{"allow":["GET"]}}],"collection":[{"href":"https:\/\/www.beauty-oase-hgw.com\/index.php?rest_route=\/wp\/v2\/pages"}],"about":[{"href":"https:\/\/www.beauty-oase-hgw.com\/index.php?rest_route=\/wp\/v2\/types\/page"}],"author":[{"embeddable":true,"href":"https:\/\/www.beauty-oase-hgw.com\/index.php?rest_route=\/wp\/v2\/users\/1"}],"replies":[{"embeddable":true,"href":"https:\/\/www.beauty-oase-hgw.com\/index.php?rest_route=%2Fwp%2Fv2%2Fcomments&post=13"}],"version-history":[{"count":22,"href":"https:\/\/www.beauty-oase-hgw.com\/index.php?rest_route=\/wp\/v2\/pages\/13\/revisions"}],"predecessor-version":[{"id":1078,"href":"https:\/\/www.beauty-oase-hgw.com\/index.php?rest_route=\/wp\/v2\/pages\/13\/revisions\/1078"}],"wp:attachment":[{"href":"https:\/\/www.beauty-oase-hgw.com\/index.php?rest_route=%2Fwp%2Fv2%2Fmedia&parent=13"}],"curies":[{"name":"wp","href":"https:\/\/api.w.org\/{rel}","templated":true}]}}